{"id":264,"date":"2022-01-10T14:50:10","date_gmt":"2022-01-10T13:50:10","guid":{"rendered":"http:\/\/lu-maurer.de\/?page_id=264"},"modified":"2022-02-24T08:54:37","modified_gmt":"2022-02-24T07:54:37","slug":"ueber-uns","status":"publish","type":"page","link":"https:\/\/lu-maurer.de\/?page_id=264","title":{"rendered":"\u00dcber uns"},"content":{"rendered":"<div data-colibri-id=\"264-c1\" class=\"style-498 style-local-264-c1 position-relative\">\n  <!---->\n  <div data-colibri-component=\"section\" data-colibri-id=\"264-c2\" id=\"custom\" class=\"h-section h-section-global-spacing d-flex align-items-lg-center align-items-md-center align-items-center style-505 style-local-264-c2 position-relative\">\n    <!---->\n    <!---->\n    <div class=\"h-section-grid-container h-section-boxed-container\">\n      <!---->\n      <div data-colibri-id=\"264-c3\" class=\"h-row-container gutters-row-lg-2 gutters-row-md-2 gutters-row-0 gutters-row-v-lg-2 gutters-row-v-md-2 gutters-row-v-2 style-506 style-local-264-c3 position-relative\">\n        <!---->\n        <div class=\"h-row justify-content-lg-center justify-content-md-center justify-content-center align-items-lg-stretch align-items-md-stretch align-items-stretch gutters-col-lg-2 gutters-col-md-2 gutters-col-0 gutters-col-v-lg-2 gutters-col-v-md-2 gutters-col-v-2\">\n          <!---->\n          <div class=\"h-column h-column-container d-flex h-col-lg-auto h-col-md-auto h-col-auto style-507-outer style-local-264-c4-outer\">\n            <div data-colibri-id=\"264-c4\" class=\"d-flex h-flex-basis h-column__inner h-px-lg-2 h-px-md-2 h-px-2 v-inner-lg-2 v-inner-md-2 v-inner-2 style-507 style-local-264-c4 position-relative\">\n              <!---->\n              <!---->\n              <div class=\"w-100 h-y-container h-column__content h-column__v-align flex-basis-100 align-self-lg-start align-self-md-start align-self-start\">\n                <!---->\n                <div data-colibri-id=\"264-c5\" class=\"h-text h-text-component style-509 style-local-264-c5 position-relative h-element\">\n                  <!---->\n                  <!---->\n                  <div class=\"\">\n                    <p>\n                      <br>\n                    <\/p>\n                    <p><span style=\"font-size: 14pt;\">Wir \u00fcber uns<\/span><\/p>\n                    <p>Der Grundstein f\u00fcr das Lohnunternehmen Maurer wurde 1986 mit dem Kauf eines M\u00e4hdreschers gelegt. Unser Unternehmen entstand aus dem elterlichen, landwirtschaftlichen Betrieb heraus, der in Untersontheim ans\u00e4ssig ist.<\/p>\n                    <p>In den darauffolgenden Jahren wurde unser Fuhrpark laufend vergr\u00f6\u00dfert und unser Dienstleistungsangebot stets kundenorientiert erweitert.<\/p>\n                    <p>&nbsp;Heute sind wir in den Segmenten H\u00e4ckseln, Abtransport von H\u00e4ckselgut, Festwalzen, Pressen von Quaderballen in Heu und Stroh, H\u00e4ckselballen, Mais s\u00e4en und Schwaden t\u00e4tig.<\/p>\n                    <p>F\u00fcr den kommunalen Bereich bieten wir Wallhecken bzw. Lichtraumprofil schneiden mit einem Ausleger, entweder mit Astschere oder Asts\u00e4ge an, sowie das Mulchen im Graben- und B\u00f6schungsbereich.<\/p>\n                    <p>Wir sind bem\u00fcht auf die Bed\u00fcrfnisse unserer Kunden einzugehen und unser Leistungsangebot, wenn m\u00f6glich, ihren W\u00fcnschen anzupassen.<\/p>\n                    <p>Besonders sch\u00e4tzen unsere Kunden die Leidenschaft f\u00fcr die Landwirtschaft und den kameradschaftlichen, lockeren Umgang in unserer Firma mit den Kunden.<\/p>\n                    <p>Unser Betrieb zeichnet sich durch ordentliche, qualitativ hochwertige, gewissenhafte, zuverl\u00e4ssige und termingetreue Arbeiten aus.<\/p>\n                    <p>&nbsp;<\/p>\n                  <\/div>\n                <\/div>\n                <div data-colibri-id=\"264-c6\" class=\"h-global-transition-all h-heading style-1907 style-local-264-c6 position-relative h-element\">\n                  <!---->\n                  <div class=\"h-heading__outer style-1907 style-local-264-c6\">\n                    <!---->\n                    <!---->\n                    <h4 class=\"\">Die Zufriedenheit unserer Kunden liegt uns sehr am Herzen.\n                      <br>Wenn es um Qualit\u00e4t und Leistung geht \u2013 wir sind f\u00fcr Sie da!\n                      <br>Seit \u00fcber 35 Jahren Ihr starker Partner im Ernte- und Kommunalbereich.<\/h4>\n                  <\/div>\n                <\/div>\n              <\/div>\n            <\/div>\n          <\/div>\n          <div class=\"h-column h-column-container d-flex h-col-lg-auto h-col-md-auto h-col-auto style-508-outer style-local-264-c7-outer\">\n            <div data-colibri-id=\"264-c7\" class=\"d-flex h-flex-basis h-column__inner h-px-lg-2 h-px-md-2 h-px-2 v-inner-lg-2 v-inner-md-2 v-inner-2 style-508 style-local-264-c7 position-relative\">\n              <!---->\n              <!---->\n              <div class=\"w-100 h-y-container h-column__content h-column__v-align flex-basis-100 align-self-lg-start align-self-md-start align-self-start\">\n                <!---->\n                <div data-colibri-id=\"264-c8\" class=\"d-block style-510 style-local-264-c8 position-relative h-element\">\n                  <!---->\n                  <div class=\"h-image__frame-container-outer\">\n                    <div class=\"h-image__frame-container\">\n                      <!---->\n                      <!---->\n                      <img loading=\"lazy\" decoding=\"async\" width=\"2560\" height=\"1440\" src=\"https:\/\/lu-maurer.de\/wp-content\/uploads\/2022\/02\/DJI_0069-scaled.jpg\" class=\"wp-image-730 style-510-image style-local-264-c8-image\" alt=\"\" srcset=\"https:\/\/lu-maurer.de\/wp-content\/uploads\/2022\/02\/DJI_0069-scaled.jpg 2560w, https:\/\/lu-maurer.de\/wp-content\/uploads\/2022\/02\/DJI_0069-300x169.jpg 300w, https:\/\/lu-maurer.de\/wp-content\/uploads\/2022\/02\/DJI_0069-1024x576.jpg 1024w, https:\/\/lu-maurer.de\/wp-content\/uploads\/2022\/02\/DJI_0069-768x432.jpg 768w, https:\/\/lu-maurer.de\/wp-content\/uploads\/2022\/02\/DJI_0069-1536x864.jpg 1536w, https:\/\/lu-maurer.de\/wp-content\/uploads\/2022\/02\/DJI_0069-2048x1152.jpg 2048w\" sizes=\"auto, (max-width: 2560px) 100vw, 2560px\" \/>\n                      <div class=\"h-image__frame h-hide-lg h-hide-md h-hide-sm style-510-frameImage style-local-264-c8-frameImage\"><\/div>\n                    <\/div>\n                    <div class=\"style-510-caption style-local-264-c8-caption\">\n                      Betriebsst\u00e4tte LU Maurer\n                    <\/div>\n                  <\/div>\n                <\/div>\n                <div data-colibri-id=\"264-c9\" class=\"d-block style-1853 style-local-264-c9 position-relative h-element\">\n                  <!---->\n                  <div class=\"h-image__frame-container-outer\">\n                    <div class=\"h-image__frame-container\">\n                      <!---->\n                      <!---->\n                      <img loading=\"lazy\" decoding=\"async\" width=\"1919\" height=\"1919\" src=\"https:\/\/lu-maurer.de\/wp-content\/uploads\/2022\/02\/cropped-IMG_7331-scaled-1.jpeg\" class=\"wp-image-732 style-1853-image style-local-264-c9-image\" alt=\"\" srcset=\"https:\/\/lu-maurer.de\/wp-content\/uploads\/2022\/02\/cropped-IMG_7331-scaled-1.jpeg 1919w, https:\/\/lu-maurer.de\/wp-content\/uploads\/2022\/02\/cropped-IMG_7331-scaled-1-300x300.jpeg 300w, https:\/\/lu-maurer.de\/wp-content\/uploads\/2022\/02\/cropped-IMG_7331-scaled-1-1024x1024.jpeg 1024w, https:\/\/lu-maurer.de\/wp-content\/uploads\/2022\/02\/cropped-IMG_7331-scaled-1-150x150.jpeg 150w, https:\/\/lu-maurer.de\/wp-content\/uploads\/2022\/02\/cropped-IMG_7331-scaled-1-768x768.jpeg 768w, https:\/\/lu-maurer.de\/wp-content\/uploads\/2022\/02\/cropped-IMG_7331-scaled-1-1536x1536.jpeg 1536w\" sizes=\"auto, (max-width: 1919px) 100vw, 1919px\" \/>\n                      <div class=\"h-image__frame h-hide-lg h-hide-md h-hide-sm style-1853-frameImage style-local-264-c9-frameImage\"><\/div>\n                    <\/div>\n                    <div class=\"style-1853-caption style-local-264-c9-caption\">\n                      Chef und Chefin\n                    <\/div>\n                  <\/div>\n                <\/div>\n                <div data-colibri-id=\"264-c10\" class=\"d-block style-1854 style-local-264-c10 position-relative h-element\">\n                  <!---->\n                  <div class=\"h-image__frame-container-outer\">\n                    <div class=\"h-image__frame-container\">\n                      <!---->\n                      <!---->\n                      <img loading=\"lazy\" decoding=\"async\" width=\"1919\" height=\"1919\" src=\"https:\/\/lu-maurer.de\/wp-content\/uploads\/2022\/02\/cropped-IMG_2974-scaled-1.jpg\" class=\"wp-image-734 style-1854-image style-local-264-c10-image\" alt=\"\" srcset=\"https:\/\/lu-maurer.de\/wp-content\/uploads\/2022\/02\/cropped-IMG_2974-scaled-1.jpg 1919w, https:\/\/lu-maurer.de\/wp-content\/uploads\/2022\/02\/cropped-IMG_2974-scaled-1-300x300.jpg 300w, https:\/\/lu-maurer.de\/wp-content\/uploads\/2022\/02\/cropped-IMG_2974-scaled-1-1024x1024.jpg 1024w, https:\/\/lu-maurer.de\/wp-content\/uploads\/2022\/02\/cropped-IMG_2974-scaled-1-150x150.jpg 150w, https:\/\/lu-maurer.de\/wp-content\/uploads\/2022\/02\/cropped-IMG_2974-scaled-1-768x768.jpg 768w, https:\/\/lu-maurer.de\/wp-content\/uploads\/2022\/02\/cropped-IMG_2974-scaled-1-1536x1536.jpg 1536w\" sizes=\"auto, (max-width: 1919px) 100vw, 1919px\" \/>\n                      <div class=\"h-image__frame h-hide-lg h-hide-md h-hide-sm style-1854-frameImage style-local-264-c10-frameImage\"><\/div>\n                    <\/div>\n                    <div class=\"style-1854-caption style-local-264-c10-caption\">\n                      Junior Chef\n                    <\/div>\n                  <\/div>\n                <\/div>\n              <\/div>\n            <\/div>\n          <\/div>\n        <\/div>\n      <\/div>\n    <\/div>\n  <\/div>\n<\/div>","protected":false},"excerpt":{"rendered":"<p>Wir \u00fcber uns Der Grundstein f\u00fcr das Lohnunternehmen Maurer wurde 1986 mit dem Kauf eines M\u00e4hdreschers gelegt. Unser Unternehmen entstand aus dem elterlichen, landwirtschaftlichen Betrieb heraus, der in Untersontheim ans\u00e4ssig ist. In den darauffolgenden Jahren wurde unser Fuhrpark laufend vergr\u00f6\u00dfert und unser Dienstleistungsangebot stets kundenorientiert erweitert. &nbsp;Heute sind wir in den Segmenten H\u00e4ckseln, Abtransport von [&hellip;]<\/p>\n","protected":false},"author":1,"featured_media":0,"parent":0,"menu_order":0,"comment_status":"closed","ping_status":"closed","template":"page-templates\/homepage.php","meta":{"footnotes":""},"class_list":["post-264","page","type-page","status-publish","hentry"],"_links":{"self":[{"href":"https:\/\/lu-maurer.de\/index.php?rest_route=\/wp\/v2\/pages\/264","targetHints":{"allow":["GET"]}}],"collection":[{"href":"https:\/\/lu-maurer.de\/index.php?rest_route=\/wp\/v2\/pages"}],"about":[{"href":"https:\/\/lu-maurer.de\/index.php?rest_route=\/wp\/v2\/types\/page"}],"author":[{"embeddable":true,"href":"https:\/\/lu-maurer.de\/index.php?rest_route=\/wp\/v2\/users\/1"}],"replies":[{"embeddable":true,"href":"https:\/\/lu-maurer.de\/index.php?rest_route=%2Fwp%2Fv2%2Fcomments&post=264"}],"version-history":[{"count":6,"href":"https:\/\/lu-maurer.de\/index.php?rest_route=\/wp\/v2\/pages\/264\/revisions"}],"predecessor-version":[{"id":1624,"href":"https:\/\/lu-maurer.de\/index.php?rest_route=\/wp\/v2\/pages\/264\/revisions\/1624"}],"wp:attachment":[{"href":"https:\/\/lu-maurer.de\/index.php?rest_route=%2Fwp%2Fv2%2Fmedia&parent=264"}],"curies":[{"name":"wp","href":"https:\/\/api.w.org\/{rel}","templated":true}]}}