{"id":40,"date":"2022-01-10T10:42:03","date_gmt":"2022-01-10T09:42:03","guid":{"rendered":"http:\/\/lu-maurer.de\/althea-wp\/"},"modified":"2024-10-17T14:29:28","modified_gmt":"2024-10-17T12:29:28","slug":"althea-wp","status":"publish","type":"page","link":"https:\/\/lu-maurer.de\/","title":{"rendered":"Startseite"},"content":{"rendered":"<div data-colibri-id=\"40-c1\" class=\"style-192 style-local-40-c1 position-relative\">\n  <!---->\n  <div data-colibri-component=\"section\" data-colibri-id=\"40-c2\" id=\"custom\" class=\"h-section h-section-global-spacing d-flex align-items-lg-center align-items-md-center align-items-center style-201 style-local-40-c2 position-relative\">\n    <!---->\n    <!---->\n    <div class=\"h-section-grid-container h-section-boxed-container\">\n      <!---->\n      <div data-colibri-id=\"40-c3\" class=\"h-row-container gutters-row-lg-2 gutters-row-md-2 gutters-row-0 gutters-row-v-lg-2 gutters-row-v-md-2 gutters-row-v-2 style-202 style-local-40-c3 position-relative\">\n        <!---->\n        <div class=\"h-row justify-content-lg-center justify-content-md-center justify-content-center align-items-lg-stretch align-items-md-stretch align-items-stretch gutters-col-lg-2 gutters-col-md-2 gutters-col-0 gutters-col-v-lg-2 gutters-col-v-md-2 gutters-col-v-2\">\n          <!---->\n          <div class=\"h-column h-column-container d-flex h-col-lg-auto h-col-md-auto h-col-auto style-203-outer style-local-40-c4-outer\">\n            <div data-colibri-id=\"40-c4\" class=\"d-flex h-flex-basis h-column__inner h-px-lg-2 h-px-md-2 h-px-2 v-inner-lg-2 v-inner-md-2 v-inner-2 style-203 style-local-40-c4 position-relative\">\n              <!---->\n              <!---->\n              <div class=\"w-100 h-y-container h-column__content h-column__v-align flex-basis-100 align-self-lg-start align-self-md-start align-self-start\">\n                <!---->\n                <div data-colibri-id=\"40-c5\" class=\"h-text h-text-component style-210 style-local-40-c5 position-relative h-element\">\n                  <!---->\n                  <!---->\n                  <div class=\"\">\n                    <p>Willkommen<\/p>\n                  <\/div>\n                <\/div>\n              <\/div>\n            <\/div>\n          <\/div>\n        <\/div>\n      <\/div>\n      <div data-colibri-id=\"40-c6\" class=\"h-row-container gutters-row-lg-2 gutters-row-md-2 gutters-row-0 gutters-row-v-lg-2 gutters-row-v-md-2 gutters-row-v-2 style-207 style-local-40-c6 position-relative\">\n        <!---->\n        <div class=\"h-row justify-content-lg-center justify-content-md-center justify-content-center align-items-lg-stretch align-items-md-stretch align-items-stretch gutters-col-lg-2 gutters-col-md-2 gutters-col-0 gutters-col-v-lg-2 gutters-col-v-md-2 gutters-col-v-2\">\n          <!---->\n          <div class=\"h-column h-column-container d-flex h-col-lg-auto h-col-md-auto h-col-auto style-208-outer style-local-40-c7-outer\">\n            <div data-colibri-id=\"40-c7\" class=\"d-flex h-flex-basis h-column__inner h-px-lg-2 h-px-md-2 h-px-2 v-inner-lg-2 v-inner-md-2 v-inner-2 style-208 style-local-40-c7 position-relative\">\n              <!---->\n              <!---->\n              <div class=\"w-100 h-y-container h-column__content h-column__v-align flex-basis-100 align-self-lg-start align-self-md-start align-self-start\">\n                <!---->\n                <div data-colibri-id=\"40-c8\" class=\"h-text h-text-component style-211 style-local-40-c8 position-relative h-element\">\n                  <!---->\n                  <!---->\n                  <div class=\"\">\n                    <p>\n                      <br>\n                    <\/p>\n                    <p>Herzlich Willkommen auf unserer Internetseite.<\/p>\n                    <p>Erleben Sie den vollen Umfang unseres familiengef\u00fchrten Lohnunternehmens. Klicken Sie sich auf den verschiedenen Men\u00fcpunkten durch unsere Welt und entdecken Sie unser volles Leistungsprogramm. Schauen Sie sich unseren modernen Maschinenpark\n                      an und entscheiden Sie selbst, ob wir ihr leistungsstarker Partner f\u00fcr die Zukunft werden.<\/p>\n                    <p>Bei s\u00e4mtlichen Fragen k\u00f6nnen sie sich immer an uns wenden,<\/p>\n                    <p>entweder per Telefon, per E-Mail oder \u00fcber Instagram.\n                      <br>\n                    <\/p>\n                  <\/div>\n                <\/div>\n              <\/div>\n            <\/div>\n          <\/div>\n          <div class=\"h-column h-column-container d-flex h-col-lg-auto h-col-md-auto h-col-auto style-209-outer style-local-40-c9-outer\">\n            <div data-colibri-id=\"40-c9\" class=\"d-flex h-flex-basis h-column__inner h-px-lg-2 h-px-md-2 h-px-2 v-inner-lg-2 v-inner-md-2 v-inner-2 style-209 style-local-40-c9 position-relative\">\n              <!---->\n              <!---->\n              <div class=\"w-100 h-y-container h-column__content h-column__v-align flex-basis-100 align-self-lg-start align-self-md-start align-self-start\">\n                <!---->\n                <div data-colibri-id=\"40-c10\" class=\"d-block style-212 style-local-40-c10 position-relative h-element\">\n                  <!---->\n                  <div class=\"h-image__frame-container-outer\">\n                    <div class=\"h-image__frame-container\">\n                      <!---->\n                      <!---->\n                      <img loading=\"lazy\" decoding=\"async\" width=\"2559\" height=\"1621\" src=\"https:\/\/lu-maurer.de\/wp-content\/uploads\/2022\/01\/cropped-IMG_3619-scaled-1.jpg\" class=\"wp-image-115 style-212-image style-local-40-c10-image\" alt=\"\" srcset=\"https:\/\/lu-maurer.de\/wp-content\/uploads\/2022\/01\/cropped-IMG_3619-scaled-1.jpg 2559w, https:\/\/lu-maurer.de\/wp-content\/uploads\/2022\/01\/cropped-IMG_3619-scaled-1-300x190.jpg 300w, https:\/\/lu-maurer.de\/wp-content\/uploads\/2022\/01\/cropped-IMG_3619-scaled-1-1024x649.jpg 1024w, https:\/\/lu-maurer.de\/wp-content\/uploads\/2022\/01\/cropped-IMG_3619-scaled-1-768x486.jpg 768w, https:\/\/lu-maurer.de\/wp-content\/uploads\/2022\/01\/cropped-IMG_3619-scaled-1-1536x973.jpg 1536w, https:\/\/lu-maurer.de\/wp-content\/uploads\/2022\/01\/cropped-IMG_3619-scaled-1-2048x1297.jpg 2048w\" sizes=\"auto, (max-width: 2559px) 100vw, 2559px\" \/>\n                      <div class=\"h-image__frame h-hide-lg h-hide-md h-hide-sm style-212-frameImage style-local-40-c10-frameImage\"><\/div>\n                    <\/div>\n                  <\/div>\n                <\/div>\n              <\/div>\n            <\/div>\n          <\/div>\n        <\/div>\n      <\/div>\n    <\/div>\n  <\/div>\n<\/div>","protected":false},"excerpt":{"rendered":"<p>Willkommen Herzlich Willkommen auf unserer Internetseite. Erleben Sie den vollen Umfang unseres familiengef\u00fchrten Lohnunternehmens. Klicken Sie sich auf den verschiedenen Men\u00fcpunkten durch unsere Welt und entdecken Sie unser volles Leistungsprogramm. Schauen Sie sich unseren modernen Maschinenpark an und entscheiden Sie selbst, ob wir ihr leistungsstarker Partner f\u00fcr die Zukunft werden. Bei s\u00e4mtlichen Fragen k\u00f6nnen sie [&hellip;]<\/p>\n","protected":false},"author":1,"featured_media":0,"parent":0,"menu_order":0,"comment_status":"closed","ping_status":"closed","template":"page-templates\/homepage.php","meta":{"footnotes":""},"class_list":["post-40","page","type-page","status-publish","hentry"],"_links":{"self":[{"href":"https:\/\/lu-maurer.de\/index.php?rest_route=\/wp\/v2\/pages\/40","targetHints":{"allow":["GET"]}}],"collection":[{"href":"https:\/\/lu-maurer.de\/index.php?rest_route=\/wp\/v2\/pages"}],"about":[{"href":"https:\/\/lu-maurer.de\/index.php?rest_route=\/wp\/v2\/types\/page"}],"author":[{"embeddable":true,"href":"https:\/\/lu-maurer.de\/index.php?rest_route=\/wp\/v2\/users\/1"}],"replies":[{"embeddable":true,"href":"https:\/\/lu-maurer.de\/index.php?rest_route=%2Fwp%2Fv2%2Fcomments&post=40"}],"version-history":[{"count":20,"href":"https:\/\/lu-maurer.de\/index.php?rest_route=\/wp\/v2\/pages\/40\/revisions"}],"predecessor-version":[{"id":1697,"href":"https:\/\/lu-maurer.de\/index.php?rest_route=\/wp\/v2\/pages\/40\/revisions\/1697"}],"wp:attachment":[{"href":"https:\/\/lu-maurer.de\/index.php?rest_route=%2Fwp%2Fv2%2Fmedia&parent=40"}],"curies":[{"name":"wp","href":"https:\/\/api.w.org\/{rel}","templated":true}]}}